{"id":467,"date":"2024-11-20T17:25:00","date_gmt":"2024-11-20T16:25:00","guid":{"rendered":"https:\/\/goldprintsrl.it\/homepage\/?page_id=467"},"modified":"2025-02-26T11:16:21","modified_gmt":"2025-02-26T10:16:21","slug":"oltre-la-qualita","status":"publish","type":"page","link":"https:\/\/goldprintsrl.it\/homepage\/?page_id=467","title":{"rendered":"Oltre la Qualit\u00e0"},"content":{"rendered":"\n[et_pb_section fb_built=&#8221;1&#8243; _builder_version=&#8221;4.25.2&#8243; _module_preset=&#8221;default&#8221; background_color=&#8221;#0C71C3&#8243; background_image=&#8221;https:\/\/goldprintsrl.it\/wp-content\/uploads\/2024\/09\/Percallina.png&#8221; parallax=&#8221;on&#8221; parallax_method=&#8221;off&#8221; min_height=&#8221;402.8px&#8221; custom_padding=&#8221;101px||102px|||&#8221; global_colors_info=&#8221;{}&#8221;][et_pb_row _builder_version=&#8221;4.25.2&#8243; _module_preset=&#8221;5138c454-be54-4233-bd3b-f8e6a8747976&#8243; background_color=&#8221;#FFFFFF&#8221; module_alignment=&#8221;center&#8221; min_height=&#8221;162.7px&#8221; custom_margin=&#8221;||||false|false&#8221; custom_padding=&#8221;1vw||1vw||false|false&#8221; animation_style=&#8221;fade&#8221; border_width_all=&#8221;5px&#8221; border_color_all=&#8221;rgba(43,43,43,0.77)&#8221; locked=&#8221;off&#8221; collapsed=&#8221;off&#8221; global_colors_info=&#8221;{}&#8221;][et_pb_column type=&#8221;4_4&#8243; _builder_version=&#8221;4.23.1&#8243; _module_preset=&#8221;73121f80-a3ef-4484-8763-c3f18e3c56d2&#8243; global_colors_info=&#8221;{}&#8221;][et_pb_heading title=&#8221;Oltre la qualit\u00e0&#8221; _builder_version=&#8221;4.25.2&#8243; _module_preset=&#8221;f0c675ea-2574-4d0e-b725-30f8550a8550&#8243; title_level=&#8221;h4&#8243; title_font=&#8221;Bodoni Moda|Cormorant Garamond_weight||on|||||&#8221; title_text_align=&#8221;center&#8221; title_text_color=&#8221;#2e3638&#8243; title_font_size=&#8221;18px&#8221; title_letter_spacing=&#8221;1px&#8221; title_line_height=&#8221;1.4em&#8221; module_alignment=&#8221;center&#8221; custom_margin=&#8221;||10px||false|false&#8221; title_font_size_tablet=&#8221;13px&#8221; title_font_size_phone=&#8221;13px&#8221; title_font_size_last_edited=&#8221;on|desktop&#8221; locked=&#8221;off&#8221; global_colors_info=&#8221;{%22#6b705c%22:%91%22title_text_color%22%93}&#8221;][\/et_pb_heading][et_pb_heading title=&#8221;Il Nostro Impegno Va Oltre la Realizzazione di un Packaging&#8221; _builder_version=&#8221;4.25.2&#8243; _module_preset=&#8221;ddeb8c09-9078-4424-bc15-2efb6572e28e&#8221; title_font=&#8221;Cormorant Garamond|Cormorant Garamond_weight|||||||&#8221; title_text_align=&#8221;center&#8221; title_text_color=&#8221;#0e0c19&#8243; title_font_size=&#8221;40px&#8221; title_line_height=&#8221;1.15em&#8221; title_font_size_tablet=&#8221;40px&#8221; title_font_size_phone=&#8221;24px&#8221; title_font_size_last_edited=&#8221;on|phone&#8221; locked=&#8221;off&#8221; global_colors_info=&#8221;{}&#8221;][\/et_pb_heading][et_pb_text quote_border_color=&#8221;#a5a58d&#8221; _builder_version=&#8221;4.25.2&#8243; _module_preset=&#8221;2c55a9c4-feed-423b-9edb-ae0b5b365cac&#8221; text_font=&#8221;Libre Bodoni|Proza Libre_weight|||||||&#8221; text_text_color=&#8221;#3c3a47&#8243; text_font_size=&#8221;16px&#8221; text_line_height=&#8221;1.75em&#8221; link_font=&#8221;|Proza Libre_weight|||||||&#8221; link_text_align=&#8221;center&#8221; link_text_color=&#8221;#6b705c&#8221; ul_text_align=&#8221;center&#8221; ol_text_align=&#8221;center&#8221; quote_font=&#8221;Cormorant Garamond|Cormorant Garamond_weight|||||||&#8221; quote_text_align=&#8221;center&#8221; quote_text_color=&#8221;#0e0c19&#8243; header_font=&#8221;Cormorant Garamond|Cormorant Garamond_weight|||||||&#8221; header_text_align=&#8221;center&#8221; header_text_color=&#8221;#0e0c19&#8243; header_font_size=&#8221;72px&#8221; header_line_height=&#8221;1.15em&#8221; header_2_font=&#8221;Cormorant Garamond|Cormorant Garamond_weight|||||||&#8221; header_2_text_align=&#8221;center&#8221; header_2_text_color=&#8221;#0e0c19&#8243; header_2_font_size=&#8221;50px&#8221; header_2_line_height=&#8221;1.2em&#8221; header_3_font=&#8221;Cormorant Garamond|Cormorant Garamond_weight|||||||&#8221; header_3_text_align=&#8221;center&#8221; header_3_text_color=&#8221;#0e0c19&#8243; header_3_font_size=&#8221;32px&#8221; header_3_line_height=&#8221;1.3em&#8221; header_4_font=&#8221;Cormorant Garamond|Cormorant Garamond_weight|||||||&#8221; header_4_text_align=&#8221;center&#8221; header_4_text_color=&#8221;#0e0c19&#8243; header_4_font_size=&#8221;24px&#8221; header_4_line_height=&#8221;1.4em&#8221; header_5_font=&#8221;Cormorant Garamond|Cormorant Garamond_weight|||||||&#8221; header_5_text_align=&#8221;center&#8221; header_5_text_color=&#8221;#0e0c19&#8243; header_5_font_size=&#8221;18px&#8221; header_5_line_height=&#8221;1.4em&#8221; header_6_font=&#8221;Cormorant Garamond|Cormorant Garamond_weight|||||||&#8221; header_6_text_align=&#8221;center&#8221; header_6_text_color=&#8221;#0e0c19&#8243; header_6_line_height=&#8221;1.5em&#8221; text_orientation=&#8221;center&#8221; width=&#8221;94.1%&#8221; module_alignment=&#8221;center&#8221; custom_margin=&#8221;||||false|false&#8221; custom_padding=&#8221;|||0px||&#8221; text_font_size_tablet=&#8221;15px&#8221; text_font_size_phone=&#8221;14px&#8221; text_font_size_last_edited=&#8221;on|phone&#8221; header_font_size_tablet=&#8221;40px&#8221; header_font_size_phone=&#8221;24px&#8221; header_font_size_last_edited=&#8221;on|desktop&#8221; header_2_font_size_tablet=&#8221;28px&#8221; header_2_font_size_phone=&#8221;20px&#8221; header_2_font_size_last_edited=&#8221;on|phone&#8221; header_3_font_size_tablet=&#8221;22px&#8221; header_3_font_size_phone=&#8221;17px&#8221; header_3_font_size_last_edited=&#8221;on|phone&#8221; header_4_font_size_tablet=&#8221;18px&#8221; header_4_font_size_phone=&#8221;15px&#8221; header_4_font_size_last_edited=&#8221;on|tablet&#8221; header_5_font_size_tablet=&#8221;15px&#8221; header_5_font_size_phone=&#8221;14px&#8221; header_5_font_size_last_edited=&#8221;on|desktop&#8221; header_6_font_size_tablet=&#8221;13px&#8221; header_6_font_size_phone=&#8221;13px&#8221; header_6_font_size_last_edited=&#8221;on|desktop&#8221; locked=&#8221;off&#8221; global_colors_info=&#8221;{}&#8221;]<p>Ci dedichiamo alla Qualit\u00e0, alla Sicurezza, alla Sostenibilit\u00e0 Ambientale e all\u2019Etica in ogni fase del nostro lavoro.<\/p>\n<p>Questo approccio integrato \u00e8 certificato da standard riconosciuti a livello internazionale e garantisce trasparenza, affidabilit\u00e0 e rispetto per il pianeta e le persone.<\/p>[\/et_pb_text][\/et_pb_column][\/et_pb_row][\/et_pb_section][et_pb_section fb_built=&#8221;1&#8243; admin_label=&#8221;Text&#8221; _builder_version=&#8221;4.25.2&#8243; _module_preset=&#8221;default&#8221; background_enable_color=&#8221;off&#8221; background_image=&#8221;https:\/\/goldprintsrl.it\/wp-content\/uploads\/2024\/11\/Controllo_Qualita-scaled.jpg&#8221; background_video_mp4=&#8221;https:\/\/goldprintsrl.it\/wp-content\/uploads\/2024\/11\/Image_Control.m4v&#8221; min_height=&#8221;500px&#8221; custom_margin=&#8221;||||false|false&#8221; custom_padding=&#8221;8vw||8vw||false|false&#8221; hover_enabled=&#8221;0&#8243; border_color_all=&#8221;RGBA(10,10,10,0.58)&#8221; border_width_top=&#8221;4px&#8221; locked=&#8221;off&#8221; collapsed=&#8221;on&#8221; global_colors_info=&#8221;{%22#6b705c%22:%91%22background_color%22,%22background_color_gradient_stops%22%93}&#8221; border_width_bottom=&#8221;4px&#8221; sticky_enabled=&#8221;0&#8243;][et_pb_row custom_padding_last_edited=&#8221;on|desktop&#8221; _builder_version=&#8221;4.25.2&#8243; _module_preset=&#8221;5138c454-be54-4233-bd3b-f8e6a8747976&#8243; background_color=&#8221;#FFFFFF&#8221; custom_padding=&#8221;60px|60px|60px|60px|true|true&#8221; custom_padding_tablet=&#8221;||||true|true&#8221; custom_padding_phone=&#8221;20px|20px|20px|20px|true|true&#8221; animation_style=&#8221;fade&#8221; border_width_all=&#8221;5px&#8221; border_color_all=&#8221;#00560e&#8221; global_colors_info=&#8221;{%22gcid-36fd78a7-34bc-404d-873c-dafa34efaae5%22:%91%22icon_color%22,%22icon_color%22,%22icon_color%22,%22color%22%93,%22gcid-7cadd8b3-5228-48e4-90c4-212d09232f7b%22:%91%22header_text_color%22,%22color%22%93,%22gcid-9a15b43a-75da-4015-a522-d0ef1179ded7%22:%91%22body_text_color%22%93}&#8221;][et_pb_column type=&#8221;4_4&#8243; _builder_version=&#8221;4.18.0&#8243; _module_preset=&#8221;73121f80-a3ef-4484-8763-c3f18e3c56d2&#8243; global_colors_info=&#8221;{}&#8221;][et_pb_accordion open_toggle_text_color=&#8221;#00560e&#8221; closed_toggle_text_color=&#8221;#00560e&#8221; _builder_version=&#8221;4.25.2&#8243; _module_preset=&#8221;default&#8221; toggle_text_color=&#8221;#00560e&#8221; toggle_font=&#8221;Libre Bodoni||||||||&#8221; toggle_font_size=&#8221;20px&#8221; closed_toggle_font=&#8221;Libre Bodoni||||||||&#8221; closed_toggle_font_size=&#8221;20px&#8221; body_font=&#8221;Libre Bodoni||||||||&#8221; body_font_size=&#8221;16px&#8221; text_orientation=&#8221;center&#8221; global_colors_info=&#8221;{}&#8221;][et_pb_accordion_item title=&#8221;Qualit\u00e0&#8221; open=&#8221;on&#8221; _builder_version=&#8221;4.25.2&#8243; _module_preset=&#8221;default&#8221; global_colors_info=&#8221;{}&#8221;]<p style=\"text-align: justify;\">La qualit\u00e0 non \u00e8 un risultato casuale: \u00e8 il frutto di un processo rigoroso e strutturato. Ogni fase della nostra produzione, dalla scelta dei materiali alla stampa e all\u2019assemblaggio, \u00e8 sottoposta a controlli approfonditi. Utilizziamo sistemi avanzati di ispezione visiva e sensori automatizzati per garantire precisione assoluta. Il nostro approccio al controllo qualit\u00e0 non si limita al prodotto finale, ma include il monitoraggio continuo dei macchinari e la formazione del personale per assicurare standard costantemente elevati.<\/p>[\/et_pb_accordion_item][et_pb_accordion_item title=&#8221;Sicurezza&#8221; _builder_version=&#8221;4.25.2&#8243; _module_preset=&#8221;default&#8221; global_colors_info=&#8221;{}&#8221; open=&#8221;off&#8221;]<p>La sicurezza \u00e8 un pilastro fondamentale in Gold Print, sia per i prodotti che realizziamo sia per il nostro ambiente di lavoro. Rispettiamo rigorosamente le normative di sicurezza industriale e implementiamo procedure per minimizzare i rischi nei nostri stabilimenti. Per i nostri clienti, garantiamo che i materiali utilizzati siano certificati e conformi alle normative internazionali, rendendo i nostri packaging sicuri per ogni settore, inclusi alimentare e cosmetico.<\/p>[\/et_pb_accordion_item][et_pb_accordion_item title=&#8221;Ambiente e Sostenibilit\u00e0&#8221; _builder_version=&#8221;4.25.2&#8243; _module_preset=&#8221;default&#8221; global_colors_info=&#8221;{}&#8221; open=&#8221;off&#8221;]<p>Crediamo che il lusso e la sostenibilit\u00e0 possano coesistere. Gold Print utilizza materiali eco-compatibili, carte certificate FSC o PEFC e inchiostri a basso impatto ambientale per ridurre al minimo l\u2019impronta ecologica. Abbiamo investito in tecnologie che ottimizzano l\u2019uso di energia e risorse, riducendo gli scarti. Ogni progetto che realizziamo mira a bilanciare estetica e responsabilit\u00e0 verso il pianeta.<\/p>[\/et_pb_accordion_item][et_pb_accordion_item title=&#8221;Etica e Responsabilit\u00e0 Sociale&#8221; _builder_version=&#8221;4.25.2&#8243; _module_preset=&#8221;default&#8221; global_colors_info=&#8221;{}&#8221; open=&#8221;off&#8221;]<p>Operiamo secondo principi di trasparenza, equit\u00e0 e rispetto per le persone. Promuoviamo un ambiente di lavoro inclusivo e valorizziamo il talento di ogni nostro collaboratore. Collaboriamo con fornitori etici e ci impegniamo a rispettare i diritti dei lavoratori lungo tutta la filiera. Crediamo che ogni scelta etica rafforzi il valore del nostro packaging e del brand che rappresenta.<\/p>[\/et_pb_accordion_item][et_pb_accordion_item title=&#8221;Certificazioni&#8221; _builder_version=&#8221;4.25.2&#8243; _module_preset=&#8221;default&#8221; global_colors_info=&#8221;{}&#8221; open=&#8221;off&#8221;]<p>nostre certificazioni sono la prova tangibile del nostro impegno per la qualit\u00e0, la sicurezza e la sostenibilit\u00e0. Tra le principali:<br \/>\u2022 ISO 9001:2015: Per la gestione della qualit\u00e0.<br \/>\u2022 FSC\u00ae: Per l\u2019utilizzo di materiali da fonti responsabili.<br \/>\u2022 PEFC\u00ae: Per l\u2019utilizzo di materiali da fonti responsabili.<br \/>\u2022 BRCGS Packaging V.6: Per la Qualit\u00e0 e la Sicurezza Alimentare del Food Packaging<\/p>\n<p>Ogni certificazione testimonia la nostra attenzione verso processi controllati, materiali sostenibili e standard internazionali.<\/p>[\/et_pb_accordion_item][et_pb_accordion_item title=&#8221;Innovazione Responsabile&#8221; _builder_version=&#8221;4.25.2&#8243; _module_preset=&#8221;default&#8221; global_colors_info=&#8221;{}&#8221; open=&#8221;off&#8221;]<p>Il nostro approccio all\u2019innovazione si basa su tecnologie avanzate che migliorano i processi produttivi senza compromettere l\u2019ambiente. Sfruttiamo le opportunit\u00e0 offerte dall\u2019Industria 4.0 per ottimizzare efficienza, ridurre gli sprechi e migliorare continuamente i nostri standard. Con Gold Print, ogni packaging non \u00e8 solo un contenitore, ma un esempio di design responsabile e tecnologico.<\/p>[\/et_pb_accordion_item][\/et_pb_accordion][\/et_pb_column][\/et_pb_row][\/et_pb_section]\n","protected":false},"excerpt":{"rendered":"<p>Ci dedichiamo alla Qualit\u00e0, alla Sicurezza, alla Sostenibilit\u00e0 Ambientale e all\u2019Etica in ogni fase del nostro lavoro. Questo approccio integrato \u00e8 certificato da standard riconosciuti a livello internazionale e garantisce trasparenza, affidabilit\u00e0 e rispetto per il pianeta e le persone.La qualit\u00e0 non \u00e8 un risultato casuale: \u00e8 il frutto di un processo rigoroso e strutturato. [&hellip;]<\/p>\n","protected":false},"author":1,"featured_media":0,"parent":220,"menu_order":0,"comment_status":"closed","ping_status":"closed","template":"","meta":{"_et_pb_use_builder":"on","_et_pb_old_content":"","_et_gb_content_width":"","footnotes":""},"class_list":["post-467","page","type-page","status-publish","hentry"],"jetpack_sharing_enabled":true,"_links":{"self":[{"href":"https:\/\/goldprintsrl.it\/homepage\/index.php?rest_route=\/wp\/v2\/pages\/467","targetHints":{"allow":["GET"]}}],"collection":[{"href":"https:\/\/goldprintsrl.it\/homepage\/index.php?rest_route=\/wp\/v2\/pages"}],"about":[{"href":"https:\/\/goldprintsrl.it\/homepage\/index.php?rest_route=\/wp\/v2\/types\/page"}],"author":[{"embeddable":true,"href":"https:\/\/goldprintsrl.it\/homepage\/index.php?rest_route=\/wp\/v2\/users\/1"}],"replies":[{"embeddable":true,"href":"https:\/\/goldprintsrl.it\/homepage\/index.php?rest_route=%2Fwp%2Fv2%2Fcomments&post=467"}],"version-history":[{"count":7,"href":"https:\/\/goldprintsrl.it\/homepage\/index.php?rest_route=\/wp\/v2\/pages\/467\/revisions"}],"predecessor-version":[{"id":786,"href":"https:\/\/goldprintsrl.it\/homepage\/index.php?rest_route=\/wp\/v2\/pages\/467\/revisions\/786"}],"up":[{"embeddable":true,"href":"https:\/\/goldprintsrl.it\/homepage\/index.php?rest_route=\/wp\/v2\/pages\/220"}],"wp:attachment":[{"href":"https:\/\/goldprintsrl.it\/homepage\/index.php?rest_route=%2Fwp%2Fv2%2Fmedia&parent=467"}],"curies":[{"name":"wp","href":"https:\/\/api.w.org\/{rel}","templated":true}]}}